{"id":2,"date":"2022-11-15T21:12:30","date_gmt":"2022-11-15T21:12:30","guid":{"rendered":"https:\/\/arcobaleno2012.it\/?page_id=2"},"modified":"2025-06-18T11:08:39","modified_gmt":"2025-06-18T11:08:39","slug":"sample-page","status":"publish","type":"page","link":"https:\/\/arcobaleno2012.it\/?page_id=2","title":{"rendered":"Chi siamo"},"content":{"rendered":"\n<p>L&#8217;Associazione Arcobaleno E.T.S nasce nel 2012 per fornire assistenza e supporto a persone diversamente abili. I soci fondatori, provenienti da realt\u00e0 diverse, consapevoli che assistenza e supporto hanno valori e dimensioni che vanno al di l\u00e0 dell&#8217;aspetto meramente materiale, hanno inteso recepire che l&#8217;autostima, la consapevolezza della disabilit\u00e0, la possibilit\u00e0 e capacit\u00e0 di puntare all&#8217;autonomia erano step a cui si poteva ambire.<\/p>\n\n\n\n<p>L&#8217;obiettivo a cui l&#8217;associazione punta \u00e8 quindi quella di dare la massima autonomia possibile a questi &#8220;ragazzi&#8221;.<\/p>\n\n\n\n<p>L&#8217;attivit\u00e0 socializzante resta quindi la testa d&#8217;ariete con cui il personale che collabora con l&#8217;associazione cerca di migliorare l&#8217;autonomia di questi ragazzi diVersamente abili.<\/p>\n\n\n\n<p>Bowling, teatro, concerti con musica dal vivo, la pizza serale, il cinema ed altro sono attivit\u00e0 settimanali con le quali i nostri ragazzi interagiscono.<\/p>\n\n\n\n<p>Anche le attivit\u00e0 fisiche rientrano nel percorso di integrazione e socializzazione: ergoterapia, piscina e ludi con assistenza fisioterapica sono aspetti ciclici in base alle stagioni dell&#8217;anno.<\/p>\n\n\n\n<p>Lontano dalla famiglia, con week-end in montagna ,la settimana al mare , ilfine settimana nella sede sociale, sono gli ulteriori aspetti che consolidano gli obiettivi che ci siamo prefissati .<\/p>\n\n\n\n<p class=\"has-luminous-vivid-orange-color has-light-background-color has-text-color has-background has-link-color wp-elements-c6264c5ebc92cd96f1d2c8df028227f1\">Pi\u00f9 che la storia di come e quando siamo nati questi sono i momenti che ci guidano giorno dopo giorno, dopo giorno &#8230;<\/p>\n","protected":false},"excerpt":{"rendered":"<p>L&#8217;Associazione Arcobaleno E.T.S nasce nel 2012 per fornire assistenza e supporto a persone diversamente abili. [&hellip;]<\/p>\n","protected":false},"author":1,"featured_media":0,"parent":0,"menu_order":0,"comment_status":"closed","ping_status":"open","template":"","meta":{"footnotes":""},"class_list":["post-2","page","type-page","status-publish","hentry"],"_links":{"self":[{"href":"https:\/\/arcobaleno2012.it\/index.php?rest_route=\/wp\/v2\/pages\/2","targetHints":{"allow":["GET"]}}],"collection":[{"href":"https:\/\/arcobaleno2012.it\/index.php?rest_route=\/wp\/v2\/pages"}],"about":[{"href":"https:\/\/arcobaleno2012.it\/index.php?rest_route=\/wp\/v2\/types\/page"}],"author":[{"embeddable":true,"href":"https:\/\/arcobaleno2012.it\/index.php?rest_route=\/wp\/v2\/users\/1"}],"replies":[{"embeddable":true,"href":"https:\/\/arcobaleno2012.it\/index.php?rest_route=%2Fwp%2Fv2%2Fcomments&post=2"}],"version-history":[{"count":6,"href":"https:\/\/arcobaleno2012.it\/index.php?rest_route=\/wp\/v2\/pages\/2\/revisions"}],"predecessor-version":[{"id":307,"href":"https:\/\/arcobaleno2012.it\/index.php?rest_route=\/wp\/v2\/pages\/2\/revisions\/307"}],"wp:attachment":[{"href":"https:\/\/arcobaleno2012.it\/index.php?rest_route=%2Fwp%2Fv2%2Fmedia&parent=2"}],"curies":[{"name":"wp","href":"https:\/\/api.w.org\/{rel}","templated":true}]}}